{"id":1788,"date":"2024-02-15T14:46:31","date_gmt":"2024-02-15T14:46:31","guid":{"rendered":"https:\/\/jocelinewind.ch\/terms-of-use\/"},"modified":"2025-11-03T15:57:09","modified_gmt":"2025-11-03T15:57:09","slug":"terms-of-use","status":"publish","type":"page","link":"https:\/\/jocelinewind.ch\/en\/terms-of-use\/","title":{"rendered":"Terms of use"},"content":{"rendered":"\n<div class=\"c-container c-text-only  wp-block-acf-content-wysiwyg\">\n    <div class=\"c-row\">\n        <div class=\"c-col-8 c-text-block\">\n            <h2>Copyright<\/h2>\n<p>Les textes, visuels et vid\u00e9os pr\u00e9sents sur ce site sont prot\u00e9g\u00e9s par le droit d\u2019auteur. Leur utilisation est interdite sans autorisation expresse de Joceline Wind.<\/p>\n<h3>Responsable du contenu<\/h3>\n<p>Global Sport Management<br \/>\nG\u00e9rard Scheidegger<br \/>\nPostgasse 1<br \/>\nCH-3272 Walperswil<\/p>\n<p>Adresse e-mail: <a href=\"mailto:gs@globalsport.management\">gs@globalsport.management<\/a><\/p>\n<h3>Notre d\u00e9claration de protection des donn\u00e9es<\/h3>\n<p>Consultez notre d\u00e9claration de protection des donn\u00e9es sur la page suivante : <a href=\"https:\/\/jocelinewind.ch\/protection-des-donnees\/\">d\u00e9claration de protection des donn\u00e9es<\/a>.<\/p>\n<h2>Conception, design &amp; r\u00e9alisation du site web<\/h2>\n<p>Le site web a \u00e9t\u00e9 r\u00e9alis\u00e9 avec le service <a href=\"http:\/\/www.athlezz.com\" target=\"_blank\" rel=\"noopener\">Athlezz<\/a> con\u00e7u par <a href=\"http:\/\/www.neofluxe.com\/fr\/\" target=\"_blank\" rel=\"noopener\">neofluxe<\/a> l&#8217;agence digitale biennoise.<\/p>\n<p>Athlezz propose une communication professionnelle d&#8217;athl\u00e8tes as a service. Les services de l&#8217;agence, comme par exemple la pr\u00e9sence web, les r\u00e9seaux sociaux, les cartes d&#8217;autographes, les articles de blog (ghostwriting) et bien plus encore, sont propos\u00e9s aux athl\u00e8tes sous forme de service \u00e0 un prix fixe mensuel.<\/p>\n<p>En savoir plus: <a href=\"https:\/\/athlezz.com\/fr\/\" target=\"_blank\" rel=\"noopener\">www.athlezz.com<\/a><\/p>\n<h3>Coordonn\u00e9es de l&#8217;agence<\/h3>\n<p>neofluxe &#8211; augment your business<br \/>\nRue du Faucon 44<br \/>\nCH-2502 Biel\/Bienne<\/p>\n<p>T\u00e9l\u00e9phone <a href=\"tel:+41323224400\" target=\"_blank\" rel=\"noopener\">+41 32 322 44 00<\/a><br \/>\n<a href=\"http:\/\/www.neofluxe.com\" target=\"_blank\" rel=\"noopener\">www.neofluxe.com<\/a><\/p>\n        <\/div>\n    <\/div>\n<\/div>","protected":false},"excerpt":{"rendered":"","protected":false},"author":2,"featured_media":0,"parent":0,"menu_order":0,"comment_status":"closed","ping_status":"closed","template":"","meta":{"_acf_changed":false,"footnotes":""},"class_list":["post-1788","page","type-page","status-publish","hentry"],"acf":[],"_links":{"self":[{"href":"https:\/\/jocelinewind.ch\/en\/wp-json\/wp\/v2\/pages\/1788","targetHints":{"allow":["GET"]}}],"collection":[{"href":"https:\/\/jocelinewind.ch\/en\/wp-json\/wp\/v2\/pages"}],"about":[{"href":"https:\/\/jocelinewind.ch\/en\/wp-json\/wp\/v2\/types\/page"}],"author":[{"embeddable":true,"href":"https:\/\/jocelinewind.ch\/en\/wp-json\/wp\/v2\/users\/2"}],"replies":[{"embeddable":true,"href":"https:\/\/jocelinewind.ch\/en\/wp-json\/wp\/v2\/comments?post=1788"}],"version-history":[{"count":4,"href":"https:\/\/jocelinewind.ch\/en\/wp-json\/wp\/v2\/pages\/1788\/revisions"}],"predecessor-version":[{"id":1999,"href":"https:\/\/jocelinewind.ch\/en\/wp-json\/wp\/v2\/pages\/1788\/revisions\/1999"}],"wp:attachment":[{"href":"https:\/\/jocelinewind.ch\/en\/wp-json\/wp\/v2\/media?parent=1788"}],"curies":[{"name":"wp","href":"https:\/\/api.w.org\/{rel}","templated":true}]}}